{"id":4559,"date":"2019-09-13T10:18:49","date_gmt":"2019-09-13T10:18:49","guid":{"rendered":"http:\/\/pole-room.de\/?page_id=4559"},"modified":"2023-04-17T19:38:00","modified_gmt":"2023-04-17T19:38:00","slug":"impressum-2","status":"publish","type":"page","link":"https:\/\/pole-room.de\/?page_id=4559","title":{"rendered":"Impressum"},"content":{"rendered":"\n<p>Informationspflicht laut \u00a7 5 TMG.<\/p>\n\n\n\n<p>POLE ROOM Poledance<br>Jasmin Schmierer<br>Am Kleinwald 4a,<br>76863 Herxheim bei Landau,<br>Deutschland<\/p>\n\n\n\n<p><strong>Tel.:<\/strong>&nbsp;0151-29107253<br><strong>E-Mail:<\/strong>&nbsp;<a href=\"mailto:jasmin@pole-room.de\">mailto:jasmin@pole-room.de<\/a><\/p>\n\n\n\n<p><strong>Berufsbezeichnung:<\/strong>&nbsp;Poledance \/ Fitness Studio<\/p>\n\n\n\n<p>Quelle: Erstellt&nbsp;mit dem <a href=\"https:\/\/www.adsimple.de\/impressum-generator\/\" target=\"_blank\" rel=\"noreferrer noopener\">Impressum Generator<\/a> von AdSimple&nbsp;in Kooperation mit <a href=\"https:\/\/www.slashtechnik.de\/\" target=\"_blank\" rel=\"noreferrer noopener\">slashtechnik.de<\/a><\/p>\n\n\n\n<h2 class=\"wp-block-heading\">Haftung f\u00fcr Inhalte dieser Website<\/h2>\n\n\n\n<p>Wir entwickeln die Inhalte dieser Webseite st\u00e4ndig weiter und bem\u00fchen uns korrekte und aktuelle Informationen bereitzustellen. Laut Telemediengesetz <a href=\"https:\/\/www.gesetze-im-internet.de\/tmg\/__7.html?tid=321115774\" target=\"_blank\" rel=\"noreferrer noopener\">(TMG) \u00a77 (1)<\/a> sind wir als Diensteanbieter f\u00fcr eigene Informationen, die wir zur Nutzung bereitstellen, nach den allgemeinen Gesetzen verantwortlich. Leider k\u00f6nnen wir keine Haftung f\u00fcr die Korrektheit aller Inhalte auf dieser Webseite \u00fcbernehmen, speziell f\u00fcr jene die seitens Dritter bereitgestellt wurden. Als Diensteanbieter im Sinne der \u00a7\u00a7 8 bis 10 sind wir nicht verpflichtet, die von ihnen \u00fcbermittelten oder gespeicherten Informationen zu \u00fcberwachen oder nach Umst\u00e4nden zu forschen, die auf eine rechtswidrige T\u00e4tigkeit hinweisen.<\/p>\n\n\n\n<p>Unsere Verpflichtungen zur Entfernung von Informationen oder zur Sperrung der Nutzung von Informationen nach den allgemeinen Gesetzen aufgrund von gerichtlichen oder beh\u00f6rdlichen Anordnungen bleiben auch im Falle unserer Nichtverantwortlichkeit nach den \u00a7\u00a7 8 bis 10 unber\u00fchrt.<\/p>\n\n\n\n<p>Sollten Ihnen problematische oder rechtswidrige Inhalte auffallen, bitte wir Sie uns umgehend zu kontaktieren, damit wir die rechtswidrigen Inhalte entfernen k\u00f6nnen. Sie finden die Kontaktdaten im Impressum.<\/p>\n\n\n\n<h2 class=\"wp-block-heading\">Haftung f\u00fcr Links auf dieser Website<\/h2>\n\n\n\n<p>Unsere Webseite enth\u00e4lt Links zu anderen Webseiten f\u00fcr deren Inhalt wir nicht verantwortlich sind. Haftung f\u00fcr verlinkte Websites besteht f\u00fcr uns nicht, da wir keine Kenntnis rechtswidriger T\u00e4tigkeiten hatten und haben, uns solche Rechtswidrigkeiten auch bisher nicht aufgefallen sind und wir Links sofort entfernen w\u00fcrden, wenn uns Rechtswidrigkeiten bekannt werden.<\/p>\n\n\n\n<p>Wenn Ihnen rechtswidrige Links auf unserer Website auffallen, bitte wir Sie uns zu kontaktieren. Sie finden die Kontaktdaten im Impressum.<\/p>\n\n\n\n<h2 class=\"wp-block-heading\">Urheberrechtshinweis<\/h2>\n\n\n\n<p>Alle Inhalte dieser Webseite (Bilder, Fotos, Texte, Videos) unterliegen dem Urheberrecht der Bundesrepublik Deutschland. Bitte fragen Sie uns bevor Sie die Inhalte dieser Website verbreiten, vervielf\u00e4ltigen oder verwerten wie zum Beispiel auf anderen Websites erneut ver\u00f6ffentlichen. Falls notwendig, werden wir die unerlaubte Nutzung von Teilen der Inhalte unserer Seite rechtlich verfolgen.<\/p>\n\n\n\n<p>Sollten Sie auf dieser Webseite Inhalte finden, die das Urheberrecht verletzen, bitten wir Sie uns zu kontaktieren.<\/p>\n\n\n\n<h2 class=\"wp-block-heading\">Bildernachweis<\/h2>\n\n\n\n<p>Die Bilder, Fotos und Grafiken auf dieser Webseite sind urheberrechtlich gesch\u00fctzt.<\/p>\n\n\n\n<p>Die Bilderrechte liegen bei den folgenden Fotografen und Unternehmen:<\/p>\n\n\n\n<ul class=\"wp-block-list\"><li>Christian Sch\u00e4fer<\/li><\/ul>\n\n\n\n<h1 class=\"wp-block-heading\">Datenschutzerkl\u00e4rung<\/h1>\n\n\n\n<h2 class=\"wp-block-heading\">Datenschutz<\/h2>\n\n\n\n<p>Wir haben diese Datenschutzerkl\u00e4rung (Fassung 13.09.2019-321115774) verfasst, um Ihnen gem\u00e4\u00df der Vorgaben der <a href=\"https:\/\/eur-lex.europa.eu\/legal-content\/DE\/ALL\/?tid=1234&amp;uri=celex%3A32016R0679&amp;tid=321115774\" target=\"_blank\" rel=\"noreferrer noopener\">Datenschutz-Grundverordnung (EU) 2016\/679<\/a> zu erkl\u00e4ren, welche Informationen wir sammeln, wie wir Daten verwenden und welche Entscheidungsm\u00f6glichkeiten Sie als Besucher dieser Webseite haben.<\/p>\n\n\n\n<p>Leider liegt es in der Natur der Sache, dass diese Erkl\u00e4rungen sehr technisch klingen, wir haben uns bei der Erstellung jedoch bem\u00fcht die wichtigsten Dinge so einfach und klar wie m\u00f6glich zu beschreiben.<\/p>\n\n\n\n<h2 class=\"wp-block-heading\">Rechte laut Datenschutzgrundverordnung<\/h2>\n\n\n\n<p>Ihnen stehen laut den Bestimmungen der DSGVO grunds\u00e4tzlich die folgende Rechte zu:<\/p>\n\n\n\n<ul class=\"wp-block-list\"><li>Recht auf Berichtigung (Artikel 16 DSGVO)<\/li><li>Recht auf L\u00f6schung (\u201eRecht auf Vergessenwerden\u201c) (Artikel 17 DSGVO)<\/li><li>Recht auf Einschr\u00e4nkung der Verarbeitung (Artikel 18 DSGVO)<\/li><li>Recht auf Benachrichtigung \u2013 Mitteilungspflicht im Zusammenhang mit der Berichtigung oder L\u00f6schung personenbezogener Daten oder der Einschr\u00e4nkung der Verarbeitung (Artikel 19 DSGVO)<\/li><li>Recht auf Daten\u00fcbertragbarkeit (Artikel 20 DSGVO)<\/li><li>Widerspruchsrecht (Artikel 21 DSGVO)<\/li><li>Recht, nicht einer ausschlie\u00dflich auf einer automatisierten Verarbeitung \u2014 einschlie\u00dflich Profiling \u2014 beruhenden Entscheidung unterworfen zu werden (Artikel 22 DSGVO)<\/li><\/ul>\n\n\n\n<p>Wenn Sie glauben, dass die Verarbeitung Ihrer Daten gegen das Datenschutzrecht verst\u00f6\u00dft oder Ihre datenschutzrechtlichen Anspr\u00fcche sonst in einer Weise verletzt worden sind, k\u00f6nnen Sie sich an die <a href=\"https:\/\/www.bfdi.bund.de\/DE\/Datenschutz\/Ueberblick\/MeineRechte\/Artikel\/BeschwerdeBeiDatenschutzbehoereden.html?tid=321115774\" target=\"_blank\" rel=\"noreferrer noopener\">Bundesbeauftragte f\u00fcr den Datenschutz und die Informationsfreiheit (BfDI)<\/a> wenden.<\/p>\n\n\n\n<h2 class=\"wp-block-heading\">Google Maps Datenschutzerkl\u00e4rung<\/h2>\n\n\n\n<p>Wir verwenden Google Maps der Firma Google Inc. (1600 Amphitheatre Parkway Mountain View, CA 94043, USA) auf unserer Webseite.<\/p>\n\n\n\n<p>Durch die Nutzung der Funktionen dieser Karte werden Daten an Google \u00fcbertragen. Welche Daten von Google erfasst werden und wof\u00fcr diese Daten verwendet werden, k\u00f6nnen Sie auf <a href=\"https:\/\/www.google.com\/intl\/de\/policies\/privacy\/\">https:\/\/www.google.com\/intl\/de\/policies\/privacy\/<\/a> nachlesen.<\/p>\n\n\n\n<p>Quelle: Erstellt&nbsp;mit dem&nbsp;<a href=\"https:\/\/www.adsimple.de\/datenschutz-generator\/\" target=\"_blank\" rel=\"noreferrer noopener\">Datenschutz Generator<\/a> von AdSimple&nbsp;in Kooperation mit <a href=\"https:\/\/www.123familie.de\/\" target=\"_blank\" rel=\"noreferrer noopener\">123familie.de<\/a><\/p>\n\n\n\n<p>Pole room \/ <a href=\"http:\/\/aerialyogaroom.de\/portfolio-nature\/\">AGB<\/a> \/ <a href=\"http:\/\/aerialyogaroom.de\/impressum\/\">Impressum<\/a>\/ Email:<a href=\"jasmin@pole-room.de\">jasmin@pole-room.de<\/a><\/p>\n","protected":false},"excerpt":{"rendered":"<p>Informationspflicht laut \u00a7 5 TMG. POLE ROOM PoledanceJasmin SchmiererAm Kleinwald 4a,76863 Herxheim bei Landau,Deutschland Tel.:&nbsp;0151-29107253E-Mail:&nbsp;mailto:jasmin@pole-room.de Berufsbezeichnung:&nbsp;Poledance \/ Fitness Studio Quelle: Erstellt&nbsp;mit dem Impressum Generator von AdSimple&nbsp;in Kooperation mit slashtechnik.de Haftung f\u00fcr Inhalte dieser Website Wir entwickeln die Inhalte dieser Webseite st\u00e4ndig weiter und bem\u00fchen uns korrekte und aktuelle Informationen bereitzustellen. Laut Telemediengesetz (TMG) \u00a77 (1)&#8230;<\/p>\n","protected":false},"author":1,"featured_media":0,"parent":0,"menu_order":0,"comment_status":"closed","ping_status":"closed","template":"","meta":{"footnotes":""},"class_list":["post-4559","page","type-page","status-publish","hentry"],"yoast_head":"<!-- This site is optimized with the Yoast SEO plugin v21.2 - https:\/\/yoast.com\/wordpress\/plugins\/seo\/ -->\n<title>Impressum - Pole room ( Poledance in R\u00fclzheim \/ bei Landau in der S\u00fcd-Pfalz)<\/title>\n<meta name=\"robots\" content=\"index, follow, max-snippet:-1, max-image-preview:large, max-video-preview:-1\" \/>\n<link rel=\"canonical\" href=\"https:\/\/pole-room.de\/?page_id=4559\" \/>\n<meta property=\"og:locale\" content=\"de_DE\" \/>\n<meta property=\"og:type\" content=\"article\" \/>\n<meta property=\"og:title\" content=\"Impressum - Pole room ( Poledance in R\u00fclzheim \/ bei Landau in der S\u00fcd-Pfalz)\" \/>\n<meta property=\"og:description\" content=\"Informationspflicht laut \u00a7 5 TMG. POLE ROOM PoledanceJasmin SchmiererAm Kleinwald 4a,76863 Herxheim bei Landau,Deutschland Tel.:&nbsp;0151-29107253E-Mail:&nbsp;mailto:jasmin@pole-room.de Berufsbezeichnung:&nbsp;Poledance \/ Fitness Studio Quelle: Erstellt&nbsp;mit dem Impressum Generator von AdSimple&nbsp;in Kooperation mit slashtechnik.de Haftung f\u00fcr Inhalte dieser Website Wir entwickeln die Inhalte dieser Webseite st\u00e4ndig weiter und bem\u00fchen uns korrekte und aktuelle Informationen bereitzustellen. Laut Telemediengesetz (TMG) \u00a77 (1)...\" \/>\n<meta property=\"og:url\" content=\"https:\/\/pole-room.de\/?page_id=4559\" \/>\n<meta property=\"og:site_name\" content=\"Pole room ( Poledance in R\u00fclzheim \/ bei Landau in der S\u00fcd-Pfalz)\" \/>\n<meta property=\"article:modified_time\" content=\"2023-04-17T19:38:00+00:00\" \/>\n<meta name=\"twitter:card\" content=\"summary_large_image\" \/>\n<meta name=\"twitter:label1\" content=\"Gesch\u00e4tzte Lesezeit\" \/>\n\t<meta name=\"twitter:data1\" content=\"3\u00a0Minuten\" \/>\n<script type=\"application\/ld+json\" class=\"yoast-schema-graph\">{\"@context\":\"https:\/\/schema.org\",\"@graph\":[{\"@type\":\"WebPage\",\"@id\":\"https:\/\/pole-room.de\/?page_id=4559\",\"url\":\"https:\/\/pole-room.de\/?page_id=4559\",\"name\":\"Impressum - Pole room ( Poledance in R\u00fclzheim \/ bei Landau in der S\u00fcd-Pfalz)\",\"isPartOf\":{\"@id\":\"https:\/\/pole-room.de\/#website\"},\"datePublished\":\"2019-09-13T10:18:49+00:00\",\"dateModified\":\"2023-04-17T19:38:00+00:00\",\"breadcrumb\":{\"@id\":\"https:\/\/pole-room.de\/?page_id=4559#breadcrumb\"},\"inLanguage\":\"de\",\"potentialAction\":[{\"@type\":\"ReadAction\",\"target\":[\"https:\/\/pole-room.de\/?page_id=4559\"]}]},{\"@type\":\"BreadcrumbList\",\"@id\":\"https:\/\/pole-room.de\/?page_id=4559#breadcrumb\",\"itemListElement\":[{\"@type\":\"ListItem\",\"position\":1,\"name\":\"Startseite\",\"item\":\"https:\/\/pole-room.de\/\"},{\"@type\":\"ListItem\",\"position\":2,\"name\":\"Impressum\"}]},{\"@type\":\"WebSite\",\"@id\":\"https:\/\/pole-room.de\/#website\",\"url\":\"https:\/\/pole-room.de\/\",\"name\":\"Pole room ( Poledance in R\u00fclzheim \/ bei Landau in der S\u00fcd-Pfalz)\",\"description\":\"Poledance &amp; Bodyworks\",\"potentialAction\":[{\"@type\":\"SearchAction\",\"target\":{\"@type\":\"EntryPoint\",\"urlTemplate\":\"https:\/\/pole-room.de\/?s={search_term_string}\"},\"query-input\":\"required name=search_term_string\"}],\"inLanguage\":\"de\"}]}<\/script>\n<!-- \/ Yoast SEO plugin. -->","yoast_head_json":{"title":"Impressum - Pole room ( Poledance in R\u00fclzheim \/ bei Landau in der S\u00fcd-Pfalz)","robots":{"index":"index","follow":"follow","max-snippet":"max-snippet:-1","max-image-preview":"max-image-preview:large","max-video-preview":"max-video-preview:-1"},"canonical":"https:\/\/pole-room.de\/?page_id=4559","og_locale":"de_DE","og_type":"article","og_title":"Impressum - Pole room ( Poledance in R\u00fclzheim \/ bei Landau in der S\u00fcd-Pfalz)","og_description":"Informationspflicht laut \u00a7 5 TMG. POLE ROOM PoledanceJasmin SchmiererAm Kleinwald 4a,76863 Herxheim bei Landau,Deutschland Tel.:&nbsp;0151-29107253E-Mail:&nbsp;mailto:jasmin@pole-room.de Berufsbezeichnung:&nbsp;Poledance \/ Fitness Studio Quelle: Erstellt&nbsp;mit dem Impressum Generator von AdSimple&nbsp;in Kooperation mit slashtechnik.de Haftung f\u00fcr Inhalte dieser Website Wir entwickeln die Inhalte dieser Webseite st\u00e4ndig weiter und bem\u00fchen uns korrekte und aktuelle Informationen bereitzustellen. Laut Telemediengesetz (TMG) \u00a77 (1)...","og_url":"https:\/\/pole-room.de\/?page_id=4559","og_site_name":"Pole room ( Poledance in R\u00fclzheim \/ bei Landau in der S\u00fcd-Pfalz)","article_modified_time":"2023-04-17T19:38:00+00:00","twitter_card":"summary_large_image","twitter_misc":{"Gesch\u00e4tzte Lesezeit":"3\u00a0Minuten"},"schema":{"@context":"https:\/\/schema.org","@graph":[{"@type":"WebPage","@id":"https:\/\/pole-room.de\/?page_id=4559","url":"https:\/\/pole-room.de\/?page_id=4559","name":"Impressum - Pole room ( Poledance in R\u00fclzheim \/ bei Landau in der S\u00fcd-Pfalz)","isPartOf":{"@id":"https:\/\/pole-room.de\/#website"},"datePublished":"2019-09-13T10:18:49+00:00","dateModified":"2023-04-17T19:38:00+00:00","breadcrumb":{"@id":"https:\/\/pole-room.de\/?page_id=4559#breadcrumb"},"inLanguage":"de","potentialAction":[{"@type":"ReadAction","target":["https:\/\/pole-room.de\/?page_id=4559"]}]},{"@type":"BreadcrumbList","@id":"https:\/\/pole-room.de\/?page_id=4559#breadcrumb","itemListElement":[{"@type":"ListItem","position":1,"name":"Startseite","item":"https:\/\/pole-room.de\/"},{"@type":"ListItem","position":2,"name":"Impressum"}]},{"@type":"WebSite","@id":"https:\/\/pole-room.de\/#website","url":"https:\/\/pole-room.de\/","name":"Pole room ( Poledance in R\u00fclzheim \/ bei Landau in der S\u00fcd-Pfalz)","description":"Poledance &amp; Bodyworks","potentialAction":[{"@type":"SearchAction","target":{"@type":"EntryPoint","urlTemplate":"https:\/\/pole-room.de\/?s={search_term_string}"},"query-input":"required name=search_term_string"}],"inLanguage":"de"}]}},"_links":{"self":[{"href":"https:\/\/pole-room.de\/index.php?rest_route=\/wp\/v2\/pages\/4559"}],"collection":[{"href":"https:\/\/pole-room.de\/index.php?rest_route=\/wp\/v2\/pages"}],"about":[{"href":"https:\/\/pole-room.de\/index.php?rest_route=\/wp\/v2\/types\/page"}],"author":[{"embeddable":true,"href":"https:\/\/pole-room.de\/index.php?rest_route=\/wp\/v2\/users\/1"}],"replies":[{"embeddable":true,"href":"https:\/\/pole-room.de\/index.php?rest_route=%2Fwp%2Fv2%2Fcomments&post=4559"}],"version-history":[{"count":4,"href":"https:\/\/pole-room.de\/index.php?rest_route=\/wp\/v2\/pages\/4559\/revisions"}],"predecessor-version":[{"id":4834,"href":"https:\/\/pole-room.de\/index.php?rest_route=\/wp\/v2\/pages\/4559\/revisions\/4834"}],"wp:attachment":[{"href":"https:\/\/pole-room.de\/index.php?rest_route=%2Fwp%2Fv2%2Fmedia&parent=4559"}],"curies":[{"name":"wp","href":"https:\/\/api.w.org\/{rel}","templated":true}]}}